{"id":49,"date":"2025-06-03T09:09:28","date_gmt":"2025-06-03T09:09:28","guid":{"rendered":"https:\/\/wolroy.com\/start\/"},"modified":"2026-04-08T14:24:19","modified_gmt":"2026-04-08T14:24:19","slug":"start","status":"publish","type":"page","link":"https:\/\/wolroy.com\/de\/","title":{"rendered":"Start"},"content":{"rendered":"\n<div class=\"wp-block-group alignfull has-background-color has-foreground-background-color has-text-color has-background has-global-padding is-layout-constrained wp-container-core-group-is-layout-65cc44b9 wp-block-group-is-layout-constrained\" style=\"margin-top:0;margin-bottom:0;padding-top:0;padding-right:0;padding-bottom:0;padding-left:0\">\n<div class=\"wp-block-media-text alignfull has-media-on-the-right is-stacked-on-mobile is-image-fill-element\"><div class=\"wp-block-media-text__content\">\n<div class=\"wp-block-group has-global-padding is-content-justification-right is-layout-constrained wp-container-core-group-is-layout-937edda4 wp-block-group-is-layout-constrained\" style=\"padding-top:var(--wp--preset--spacing--80);padding-right:0;padding-bottom:var(--wp--preset--spacing--80);padding-left:0\">\n<h1 class=\"wp-block-heading has-background-color has-text-color\" style=\"margin-top:12px\">Private-Label-Produkte f\u00fcr internationalen Handel<\/h1>\n\n\n\n<p class=\"has-background-color has-text-color\" style=\"margin-top:16px\">Die Wolroy UG mit Sitz in Berlin ist ein Unternehmen, das sich auf den internationalen Handel und den Vertrieb ausgew\u00e4hlter Private-Label-Produkte \u00fcber digitale Vertriebskan\u00e4le spezialisiert hat.<\/p>\n\n\n\n<div class=\"wp-block-buttons is-layout-flex wp-container-core-buttons-is-layout-12dcd427 wp-block-buttons-is-layout-flex\" style=\"margin-top:var(--wp--preset--spacing--40)\"><\/div>\n<\/div>\n<\/div><figure class=\"wp-block-media-text__media\"><img loading=\"lazy\" decoding=\"async\" width=\"1440\" height=\"958\" class=\"wp-image-93 size-full\" src=\"https:\/\/wolroy.com\/wp-content\/uploads\/2025\/10\/cee940c2373f5748e671126525528325ff830315.jpg\" alt=\"Kartons auf einem Fliessband in einem Logistikzentrum\" style=\"object-position:50% 50%\" srcset=\"https:\/\/wolroy.com\/wp-content\/uploads\/2025\/10\/cee940c2373f5748e671126525528325ff830315.jpg 1440w, https:\/\/wolroy.com\/wp-content\/uploads\/2025\/10\/cee940c2373f5748e671126525528325ff830315-300x200.jpg 300w, https:\/\/wolroy.com\/wp-content\/uploads\/2025\/10\/cee940c2373f5748e671126525528325ff830315-1024x681.jpg 1024w, https:\/\/wolroy.com\/wp-content\/uploads\/2025\/10\/cee940c2373f5748e671126525528325ff830315-768x511.jpg 768w, https:\/\/wolroy.com\/wp-content\/uploads\/2025\/10\/cee940c2373f5748e671126525528325ff830315-18x12.jpg 18w, https:\/\/wolroy.com\/wp-content\/uploads\/2025\/10\/cee940c2373f5748e671126525528325ff830315-600x399.jpg 600w\" sizes=\"auto, (max-width: 1440px) 100vw, 1440px\" \/><\/figure><\/div>\n<\/div>\n\n\n\n<div class=\"wp-block-group alignfull has-tertiary-background-color has-background has-global-padding is-layout-constrained wp-container-core-group-is-layout-7276a2bb wp-block-group-is-layout-constrained\" id=\"produkte\" style=\"margin-top:0;margin-bottom:0;padding-top:var(--wp--preset--spacing--60);padding-right:var(--wp--preset--spacing--30);padding-bottom:var(--wp--preset--spacing--60);padding-left:var(--wp--preset--spacing--30)\">\n<div class=\"wp-block-group alignwide is-content-justification-space-between is-layout-flex wp-container-core-group-is-layout-b8ec385b wp-block-group-is-layout-flex\">\n<div class=\"wp-block-group has-global-padding is-layout-constrained wp-block-group-is-layout-constrained\">\n<h2 class=\"wp-block-heading has-large-font-size\">Innovative Handelsl\u00f6sungen f\u00fcr globalen E-Commerce<\/h2>\n\n\n\n<p style=\"margin-top:16px\">Unsere Mission ist es, hochwertige Produkte effizient auf den europ\u00e4ischen Markt zu bringen \u2013 mit einem starken Fokus auf Automatisierung, Datenanalyse und nachhaltigem Wachstum.<\/p>\n\n\n\n<p>Wir arbeiten eng mit Herstellern, Logistikpartnern und digitalen Plattformen zusammen, um einen reibungslosen, skalierbaren Markteintritt zu erm\u00f6glichen.<\/p>\n\n\n\n<p style=\"margin-top:16px\"><strong>Sie sind Hersteller, Distributor oder an einer Partnerschaft interessiert?<\/strong><br>Nutzen Sie unser Kontaktformular \u2013 wir freuen uns auf den Austausch.<\/p>\n<\/div>\n\n\n\n<div class=\"wp-block-buttons is-layout-flex wp-block-buttons-is-layout-flex\"><\/div>\n<\/div>\n<\/div>\n\n\n\n<div class=\"wp-block-group alignfull has-background-background-color has-background has-global-padding is-layout-constrained wp-block-group-is-layout-constrained\" id=\"kontakt\" style=\"margin-top:0;margin-bottom:0;padding-top:var(--wp--preset--spacing--60);padding-bottom:var(--wp--preset--spacing--60)\">\n<div class=\"wp-block-columns alignwide is-layout-flex wp-container-core-columns-is-layout-08c01c1c wp-block-columns-is-layout-flex\">\n<div class=\"wp-block-column is-layout-flow wp-block-column-is-layout-flow\">\n<h2 class=\"wp-block-heading has-large-font-size\">Private-Label-L\u00f6sungen f\u00fcr nachhaltiges Wachstum<\/h2>\n\n\n\n<p style=\"margin-top:16px\">Kontaktieren Sie uns unkompliziert per E-Mail oder Telefon, um Ihre internationalen Handelsm\u00f6glichkeiten zu besprechen.<\/p>\n<\/div>\n\n\n\n<div class=\"wp-block-column is-layout-flow wp-block-column-is-layout-flow\">\n<div class=\"wp-block-contact-form-7-contact-form-selector\">\n<div class=\"wpcf7 no-js\" id=\"wpcf7-f48-o1\" lang=\"de-DE\" dir=\"ltr\" data-wpcf7-id=\"48\">\n<div class=\"screen-reader-response\"><p role=\"status\" aria-live=\"polite\" aria-atomic=\"true\"><\/p> <ul><\/ul><\/div>\n<form action=\"\/de\/wp-json\/wp\/v2\/pages\/49#wpcf7-f48-o1\" method=\"post\" class=\"wpcf7-form init\" aria-label=\"Kontaktformular\" novalidate=\"novalidate\" data-status=\"init\">\n<fieldset class=\"hidden-fields-container\"><input type=\"hidden\" name=\"_wpcf7\" value=\"48\" \/><input type=\"hidden\" name=\"_wpcf7_version\" value=\"6.1.5\" \/><input type=\"hidden\" name=\"_wpcf7_locale\" value=\"de_DE\" \/><input type=\"hidden\" name=\"_wpcf7_unit_tag\" value=\"wpcf7-f48-o1\" \/><input type=\"hidden\" name=\"_wpcf7_container_post\" value=\"0\" \/><input type=\"hidden\" name=\"_wpcf7_posted_data_hash\" value=\"\" \/>\n<\/fieldset>\n<p><label> Ihr Name<br \/>\n<span class=\"wpcf7-form-control-wrap\" data-name=\"your-name\"><input size=\"40\" maxlength=\"400\" class=\"wpcf7-form-control wpcf7-text wpcf7-validates-as-required\" autocomplete=\"name\" aria-required=\"true\" aria-invalid=\"false\" value=\"\" type=\"text\" name=\"your-name\" \/><\/span> <\/label>\n<\/p>\n<p><label> Ihre E-Mail-Adresse<br \/>\n<span class=\"wpcf7-form-control-wrap\" data-name=\"your-email\"><input size=\"40\" maxlength=\"400\" class=\"wpcf7-form-control wpcf7-email wpcf7-validates-as-required wpcf7-text wpcf7-validates-as-email\" autocomplete=\"email\" aria-required=\"true\" aria-invalid=\"false\" value=\"\" type=\"email\" name=\"your-email\" \/><\/span> <\/label>\n<\/p>\n<p><label> Betreff<br \/>\n<span class=\"wpcf7-form-control-wrap\" data-name=\"your-subject\"><input size=\"40\" maxlength=\"400\" class=\"wpcf7-form-control wpcf7-text wpcf7-validates-as-required\" aria-required=\"true\" aria-invalid=\"false\" value=\"\" type=\"text\" name=\"your-subject\" \/><\/span> <\/label>\n<\/p>\n<p><label> Ihre Nachricht (optional)<br \/>\n<span class=\"wpcf7-form-control-wrap\" data-name=\"your-message\"><textarea cols=\"40\" rows=\"10\" maxlength=\"2000\" class=\"wpcf7-form-control wpcf7-textarea\" aria-invalid=\"false\" name=\"your-message\"><\/textarea><\/span> <\/label>\n<\/p>\n<p><input class=\"wpcf7-form-control wpcf7-submit has-spinner\" type=\"submit\" value=\"Senden\" \/>\n<\/p><div class=\"wpcf7-response-output\" aria-hidden=\"true\"><\/div>\n<\/form>\n<\/div>\n<\/div>\n<\/div>\n<\/div>\n<\/div>\n","protected":false},"excerpt":{"rendered":"<p>Private-Label-Produkte f\u00fcr internationalen Handel Die Wolroy UG mit Sitz in Berlin ist ein Unternehmen, das sich auf den internationalen Handel und den Vertrieb ausgew\u00e4hlter Private-Label-Produkte \u00fcber digitale Vertriebskan\u00e4le spezialisiert hat. Innovative Handelsl\u00f6sungen f\u00fcr globalen E-Commerce Unsere Mission ist es, hochwertige Produkte effizient auf den europ\u00e4ischen Markt zu bringen \u2013 mit einem starken Fokus auf Automatisierung, [&hellip;]<\/p>\n","protected":false},"author":1,"featured_media":0,"parent":0,"menu_order":0,"comment_status":"closed","ping_status":"closed","template":"no-title-sticky-header","meta":{"footnotes":""},"class_list":["post-49","page","type-page","status-publish","hentry"],"aioseo_notices":[],"_links":{"self":[{"href":"https:\/\/wolroy.com\/de\/wp-json\/wp\/v2\/pages\/49","targetHints":{"allow":["GET"]}}],"collection":[{"href":"https:\/\/wolroy.com\/de\/wp-json\/wp\/v2\/pages"}],"about":[{"href":"https:\/\/wolroy.com\/de\/wp-json\/wp\/v2\/types\/page"}],"author":[{"embeddable":true,"href":"https:\/\/wolroy.com\/de\/wp-json\/wp\/v2\/users\/1"}],"replies":[{"embeddable":true,"href":"https:\/\/wolroy.com\/de\/wp-json\/wp\/v2\/comments?post=49"}],"version-history":[{"count":7,"href":"https:\/\/wolroy.com\/de\/wp-json\/wp\/v2\/pages\/49\/revisions"}],"predecessor-version":[{"id":138,"href":"https:\/\/wolroy.com\/de\/wp-json\/wp\/v2\/pages\/49\/revisions\/138"}],"wp:attachment":[{"href":"https:\/\/wolroy.com\/de\/wp-json\/wp\/v2\/media?parent=49"}],"curies":[{"name":"wp","href":"https:\/\/api.w.org\/{rel}","templated":true}]}}